{"id":2264,"date":"2015-12-09T20:53:18","date_gmt":"2015-12-09T19:53:18","guid":{"rendered":"http:\/\/www.czirpczirp.cc\/?page_id=2264"},"modified":"2026-01-08T10:26:48","modified_gmt":"2026-01-08T09:26:48","slug":"info","status":"publish","type":"page","link":"https:\/\/www.czirpczirp.cc\/?page_id=2264","title":{"rendered":"INFO"},"content":{"rendered":"\n<figure class=\"wp-block-image size-full is-resized\"><a href=\"https:\/\/www.czirpczirp.cc\/wp-content\/uploads\/2023\/10\/wrosd-1.png\" rel=\"lightbox[2264]\"><img loading=\"lazy\" decoding=\"async\" width=\"800\" height=\"559\" src=\"https:\/\/www.czirpczirp.cc\/wp-content\/uploads\/2023\/10\/wrosd-1.png\" alt=\"\" class=\"wp-image-4336\" style=\"width:800px;height:undefinedpx\" srcset=\"https:\/\/www.czirpczirp.cc\/wp-content\/uploads\/2023\/10\/wrosd-1.png 800w, https:\/\/www.czirpczirp.cc\/wp-content\/uploads\/2023\/10\/wrosd-1-300x210.png 300w, https:\/\/www.czirpczirp.cc\/wp-content\/uploads\/2023\/10\/wrosd-1-768x537.png 768w\" sizes=\"auto, (max-width: 800px) 100vw, 800px\" \/><\/a><\/figure>\n\n\n\n<div style=\"height:30px\" aria-hidden=\"true\" class=\"wp-block-spacer\"><\/div>\n\n\n\n<p class=\"has-text-align-right\"><a href=\"http:\/\/www.czirpczirp.cc\/?page_id=2\"><em>Englisch<\/em><\/a><\/p>\n\n\n\n<p><em>czirp czirp \u2013 experimental and <em>sonic <\/em>arts<\/em> wird von der Kuratorin und Philosophin <a href=\"http:\/\/lonagaikis.info\/\">Lona Gaikis <\/a>sowie dem Dramaturgen Bernhard Staudinger und der K\u00fcnstlerin <a href=\"https:\/\/adinacamhy.at\/\">Adina Camhy<\/a> geleitet.<\/p>\n\n\n\n<p>Der Verein <em>czirp czirp<\/em> ist eine Veranstaltungsplattform, die sich auf die Pr\u00e4sentation von zeitgen\u00f6ssischen Protagonist*innen im Bereich der audiovisuellen Kunst spezialisiert. Seit nunmehr 2013 in Wien t\u00e4tig, hat <em>czirp czirp<\/em> unterschiedliche Formate umgesetzt. In j\u00fcngster Zeit richtete sich der Fokus auf Positionen der elektronischen Musik und experimentellen Komposition, Sound-Art und Medienkunst.<\/p>\n\n\n\n<p>Wie das Zwitschern eines Vogels positioniert sich <em>czirp czirp<\/em> als ephemeres Ereignis und sucht mit der gemeinsamen Arbeit unterschiedlicher Partner*<em>innen <\/em>immer wieder neue Settings und Zuh\u00f6rer*innen zu erschlie\u00dfen. Es geht darum, die Vielstimmigkeit heutiger k\u00fcnstlerischer und musikalischer Praxis zu vermitteln. Wir m\u00f6chten generations-, kultur- und schichten \u00fcbergreifend Zugang zu zeitgen\u00f6ssischer Kunst erm\u00f6glichen sowie die Teilnahme an deren Debatten anregen.<\/p>\n\n\n\n<p>Inhaltlich greift <em>czirp czirp<\/em> Themen wie Digitalisierung, den Nutzen und die Gefahren neuer Medien, au\u00dfer-institutionelle Formate, Clubkultur sowie soziale und \u00f6kologische Themen auf. Aus dem Verst\u00e4ndnis heraus, dass Kunst Gesellschaft stiftendes Potenzial hat, m\u00f6chten wir Veranstaltungen barrierefrei gestalten und legen Wert auf eine hochwertige technische und organisatorische Umsetzung. <\/p>\n\n\n\n<p>Das Programm strebt danach, die Diversit\u00e4t international agierender K\u00fcnstler*innen abzubilden und einen Anteil der Geschlechter von 50\/50 % zu erhalten. <\/p>\n\n\n\n<p><a href=\"http:\/\/www.czirpczirp.cc\/?cat=248\"><strong><em>AKTUELLE PROJEKTE<\/em><\/strong><\/a><\/p>\n\n\n\n<p>Wien, 2026.<\/p>\n","protected":false},"excerpt":{"rendered":"<p>Englisch czirp czirp \u2013 experimental and sonic arts wird von der Kuratorin und Philosophin Lona Gaikis sowie dem Dramaturgen Bernhard Staudinger und der K\u00fcnstlerin Adina Camhy geleitet. Der Verein czirp czirp ist eine Veranstaltungsplattform, die sich auf die Pr\u00e4sentation von zeitgen\u00f6ssischen Protagonist*innen im Bereich der audiovisuellen Kunst spezialisiert. Seit nunmehr 2013 in Wien t\u00e4tig, hat [&hellip;]<\/p>\n","protected":false},"author":1,"featured_media":0,"parent":0,"menu_order":0,"comment_status":"closed","ping_status":"closed","template":"","meta":{"_seopress_robots_primary_cat":"","_seopress_titles_title":"","_seopress_titles_desc":"","_seopress_robots_index":"","footnotes":""},"class_list":["post-2264","page","type-page","status-publish","hentry"],"wp-worthy-pixel":{"ignored":false,"public":null,"server":null,"url":null},"wp-worthy-type":"normal","_links":{"self":[{"href":"https:\/\/www.czirpczirp.cc\/index.php?rest_route=\/wp\/v2\/pages\/2264","targetHints":{"allow":["GET"]}}],"collection":[{"href":"https:\/\/www.czirpczirp.cc\/index.php?rest_route=\/wp\/v2\/pages"}],"about":[{"href":"https:\/\/www.czirpczirp.cc\/index.php?rest_route=\/wp\/v2\/types\/page"}],"author":[{"embeddable":true,"href":"https:\/\/www.czirpczirp.cc\/index.php?rest_route=\/wp\/v2\/users\/1"}],"replies":[{"embeddable":true,"href":"https:\/\/www.czirpczirp.cc\/index.php?rest_route=%2Fwp%2Fv2%2Fcomments&post=2264"}],"version-history":[{"count":2,"href":"https:\/\/www.czirpczirp.cc\/index.php?rest_route=\/wp\/v2\/pages\/2264\/revisions"}],"predecessor-version":[{"id":6685,"href":"https:\/\/www.czirpczirp.cc\/index.php?rest_route=\/wp\/v2\/pages\/2264\/revisions\/6685"}],"wp:attachment":[{"href":"https:\/\/www.czirpczirp.cc\/index.php?rest_route=%2Fwp%2Fv2%2Fmedia&parent=2264"}],"curies":[{"name":"wp","href":"https:\/\/api.w.org\/{rel}","templated":true}]}}