{"id":4945,"date":"2024-05-16T21:46:38","date_gmt":"2024-05-16T19:46:38","guid":{"rendered":"https:\/\/www.czirpczirp.cc\/?page_id=4945"},"modified":"2024-11-03T07:39:49","modified_gmt":"2024-11-03T06:39:49","slug":"mycolyra","status":"publish","type":"page","link":"https:\/\/www.czirpczirp.cc\/?page_id=4945","title":{"rendered":"MYCOLYRA"},"content":{"rendered":"\n<figure class=\"wp-block-image size-full is-resized\"><a href=\"https:\/\/www.czirpczirp.cc\/wp-content\/uploads\/2024\/09\/KLANGHAIN_view-hain-I-\u00a9-Aled-Ordu.jpg\" rel=\"lightbox[4945]\"><img loading=\"lazy\" decoding=\"async\" width=\"800\" height=\"534\" src=\"https:\/\/www.czirpczirp.cc\/wp-content\/uploads\/2024\/09\/KLANGHAIN_view-hain-I-\u00a9-Aled-Ordu.jpg\" alt=\"\" class=\"wp-image-5420\" style=\"width:840px;height:auto\" srcset=\"https:\/\/www.czirpczirp.cc\/wp-content\/uploads\/2024\/09\/KLANGHAIN_view-hain-I-\u00a9-Aled-Ordu.jpg 800w, https:\/\/www.czirpczirp.cc\/wp-content\/uploads\/2024\/09\/KLANGHAIN_view-hain-I-\u00a9-Aled-Ordu-300x200.jpg 300w, https:\/\/www.czirpczirp.cc\/wp-content\/uploads\/2024\/09\/KLANGHAIN_view-hain-I-\u00a9-Aled-Ordu-768x513.jpg 768w\" sizes=\"auto, (max-width: 800px) 100vw, 800px\" \/><\/a><figcaption class=\"wp-element-caption\">Bild: Aled Ordu, 2024.<\/figcaption><\/figure>\n\n\n\n<div style=\"height:100px\" aria-hidden=\"true\" class=\"wp-block-spacer\"><\/div>\n\n\n\n<p class=\"has-text-align-right\"><em><a href=\"https:\/\/www.czirpczirp.cc\/?page_id=4827\">English<\/a><\/em><\/p>\n\n\n\n<h2 class=\"wp-block-heading\"><em>Mycolyra \u2014 Eternity in Sustaining Oscillations<\/em><\/h2>\n\n\n\n<p>Aus der Serie \u201eMycoMythologies Series\u201c (2020-fortlaufend).<br>Kinetisches Klangobjekt, Bio-Partitur, Holz, Metall, Instrumentensaiten, Pilzmyzel, Sensoren, Motor, Sound.<\/p>\n\n\n\n<p>Dieses Klanginstrument schl\u00e4gt eine Br\u00fccke zwischen Mythologie und <strong>Mykologie*<\/strong>. Die antike \u00dcberlieferung des Helden Orpheus, der in die Unterwelt hinabsteigt, um den Gott Hades durch den Klang seiner Lyra dazu zu bewegen, seine Frau Eurydike gehen zu lassen, findet einen ungew\u00f6hnlichen Widerhall in der transformativen Kraft des asiatischen Reishi- oder Lingzhi-Pilz (lat. Ganoderma lingzhi). Der wird wegen seiner lebensverl\u00e4ngernden Wirkung in der traditionellen chinesischen Medizin \u201ePilz der Unsterblichkeit\u201c genannt.<\/p>\n\n\n\n<p>Der bet\u00f6rende Klang von Orpheus\u2018 Lyra und die heilsame Wirkkraft des Reshi stehen \u2013 metaphorisch und stofflich \u2013 f\u00fcr die \u00dcberwindung des Todes. Klang und Wirkstoff sollen uns von der Linearit\u00e4t der Zeit entbinden. Was w\u00e4re nun, wenn sich beides in einem Instrument vereint?<\/p>\n\n\n\n<p>Die Mycolyra ist die Verschmelzung des sagenumwobenen Instruments mit den biologischen Prozessen des Pilzgeflechts. Die Schwingung der Saiten werden durch die Vitalfunktionen des Pilzes angetrieben. Ihr Klang verbindet die Sph\u00e4ren von menschlicher und anders-als-menschlicher Resonanz in einer durchgehenden und zeitlosen Schwingung.<\/p>\n\n\n\n<div style=\"height:50px\" aria-hidden=\"true\" class=\"wp-block-spacer\"><\/div>\n\n\n\n<figure class=\"wp-block-image size-full\"><a href=\"https:\/\/www.czirpczirp.cc\/wp-content\/uploads\/2024\/05\/ReishiMushroom_web-1.jpg\" rel=\"lightbox[4945]\"><img loading=\"lazy\" decoding=\"async\" width=\"800\" height=\"500\" src=\"https:\/\/www.czirpczirp.cc\/wp-content\/uploads\/2024\/05\/ReishiMushroom_web-1.jpg\" alt=\"\" class=\"wp-image-5039\" srcset=\"https:\/\/www.czirpczirp.cc\/wp-content\/uploads\/2024\/05\/ReishiMushroom_web-1.jpg 800w, https:\/\/www.czirpczirp.cc\/wp-content\/uploads\/2024\/05\/ReishiMushroom_web-1-300x188.jpg 300w, https:\/\/www.czirpczirp.cc\/wp-content\/uploads\/2024\/05\/ReishiMushroom_web-1-768x480.jpg 768w\" sizes=\"auto, (max-width: 800px) 100vw, 800px\" \/><\/a><\/figure>\n\n\n\n<div style=\"height:50px\" aria-hidden=\"true\" class=\"wp-block-spacer\"><\/div>\n\n\n\n<h2 class=\"wp-block-heading\"><strong>ARTIST&#8217;S STATEMENT<\/strong><\/h2>\n\n\n\n<div style=\"height:20px\" aria-hidden=\"true\" class=\"wp-block-spacer\"><\/div>\n\n\n\n<p>\u201eDas Klanginstrument Mycolyra verbindet die Legende von Orpheus\u2019 Leier mit den Eigenschaften des Ganoderma lucidum-Pilzes, auch bekannt als Reishi oder Lingzhi-Pilze.<\/p>\n\n\n\n<p>Die Legende von Orpheus, der nur mit seiner Leier bewaffnet in die Unterwelt hinabsteigt, beschw\u00f6rt unsere kollektive menschliche Sehnsucht, die Verg\u00e4nglichkeit des Lebens zu \u00fcberwinden. Die mythologische Reise des Orpheus steht im Einklang mit dem transformativen Potenzial, das Reishi-Pilzen zugeschrieben wird, die wegen ihrer gesundheitsf\u00f6rdernden und lebensverl\u00e4ngernden Eigenschaften so begehrt sind, dass sie als \u201ePilze der Unsterblichkeit\u201c bezeichnet werden. Sowohl die Leier des Orpheus als auch die Ganoderma lucidum-Pilze stehen somit metaphorisch und materiell f\u00fcr das Streben nach Unsterblichkeit und die Befreiung von den Zw\u00e4ngen der linearen Zeit. Was aber, wenn sich der Klang der anhaltenden Schwingungen einer Saite, geformt durch ein elektrisches Signal aus verschlungenen Netzwerken von Ganoderma lucidum, zu zyklischen Momenten ausweiten und die lineare Zeit effektiv anhalten k\u00f6nnte? Wenn wir das Streben nach Unsterblichkeit als eine Suche nach Ewigkeit verstehen, k\u00f6nnte die Ewigkeit vielleicht tats\u00e4chlich in den anhaltenden Schwingungen des Klangs ihren Ausdruck finden?\u201c<\/p>\n\n\n\n<div style=\"height:50px\" aria-hidden=\"true\" class=\"wp-block-spacer\"><\/div>\n\n\n\n<figure class=\"wp-block-image size-full\"><a href=\"https:\/\/www.czirpczirp.cc\/wp-content\/uploads\/2024\/09\/KLANGHAIN_Mycolyra-III-\u00a9-Aled-Ordu.jpg\" rel=\"lightbox[4945]\"><img loading=\"lazy\" decoding=\"async\" width=\"800\" height=\"534\" src=\"https:\/\/www.czirpczirp.cc\/wp-content\/uploads\/2024\/09\/KLANGHAIN_Mycolyra-III-\u00a9-Aled-Ordu.jpg\" alt=\"\" class=\"wp-image-5422\" srcset=\"https:\/\/www.czirpczirp.cc\/wp-content\/uploads\/2024\/09\/KLANGHAIN_Mycolyra-III-\u00a9-Aled-Ordu.jpg 800w, https:\/\/www.czirpczirp.cc\/wp-content\/uploads\/2024\/09\/KLANGHAIN_Mycolyra-III-\u00a9-Aled-Ordu-300x200.jpg 300w, https:\/\/www.czirpczirp.cc\/wp-content\/uploads\/2024\/09\/KLANGHAIN_Mycolyra-III-\u00a9-Aled-Ordu-768x513.jpg 768w\" sizes=\"auto, (max-width: 800px) 100vw, 800px\" \/><\/a><figcaption class=\"wp-element-caption\">Bild: Aled Ordu, 2024.<\/figcaption><\/figure>\n\n\n\n<div style=\"height:20px\" aria-hidden=\"true\" class=\"wp-block-spacer\"><\/div>\n\n\n\n<h2 class=\"wp-block-heading\"><strong>SA\u0160A SPA\u010cAL<\/strong><\/h2>\n\n\n\n<p>Die post-media K\u00fcnstlerin und Erforscherin von Lebenssystemen, Sa\u0161a Spa\u010dal, lebt und arbeitet entfernt vom menschlichen Trubel in einem Waldgebiet in der N\u00e4he von Ljubljana. Sie entwickelt Installationen und Performances, die mit Fauna, Flora und <strong>Funga*<\/strong> interagieren. Dabei sucht sie gezielt nach Momenten der Co-Kreation mit nichtmenschlichen Spezies.<\/p>\n\n\n\n<div style=\"height:100px\" aria-hidden=\"true\" class=\"wp-block-spacer\"><\/div>\n\n\n\n<p><strong>* Funga<\/strong> (Kunstwort aus Fungi und Flora): Funga ist ein neu gepr\u00e4gter Begriff, der die globale Gemeinschaft der Pilze bezeichnen soll, \u00e4hnlich wie Flora f\u00fcr Pflanzen und Fauna f\u00fcr Tiere steht. Dieser Begriff ist Teil eines zeitgen\u00f6ssischen Bestrebens, die Umwelt anhand von Artenkollektiven zu verstehen.<\/p>\n\n\n\n<p><strong>* Mykologie<\/strong>: Wissenschaft der Pilze. Sie haben hybride Eigenschaften zwischen Tier und Pflanze: ortsgebunden betreiben sie keine Fotosynthese, sondern verdauen organisches Material durch Enzyme au\u00dferhalb ihres K\u00f6rpers. Ihr Fruchtk\u00f6rper besteht aus Eiwei\u00df und sie k\u00f6nnen in v\u00f6lliger Dunkelheit \u00fcberleben.<\/p>\n","protected":false},"excerpt":{"rendered":"<p>English Mycolyra \u2014 Eternity in Sustaining Oscillations Aus der Serie \u201eMycoMythologies Series\u201c (2020-fortlaufend).Kinetisches Klangobjekt, Bio-Partitur, Holz, Metall, Instrumentensaiten, Pilzmyzel, Sensoren, Motor, Sound. Dieses Klanginstrument schl\u00e4gt eine Br\u00fccke zwischen Mythologie und Mykologie*. Die antike \u00dcberlieferung des Helden Orpheus, der in die Unterwelt hinabsteigt, um den Gott Hades durch den Klang seiner Lyra dazu zu bewegen, seine [&hellip;]<\/p>\n","protected":false},"author":1,"featured_media":5420,"parent":0,"menu_order":0,"comment_status":"closed","ping_status":"closed","template":"","meta":{"_seopress_robots_primary_cat":"","_seopress_titles_title":"Mycolyra \u2014 Eternity in Sustaining Oscillations","_seopress_titles_desc":"Das Klanginstrument Mycolyra verbindet die Legende von Orpheus\u2019 Leier mit den Eigenschaften des Reishi Pilzes.","_seopress_robots_index":"","footnotes":""},"class_list":["post-4945","page","type-page","status-publish","has-post-thumbnail","hentry"],"wp-worthy-pixel":{"ignored":false,"public":"9d9aec570bcb4a888a9a043c08fba73c","server":"vg05.met.vgwort.de","url":"https:\/\/vg05.met.vgwort.de\/na\/9d9aec570bcb4a888a9a043c08fba73c"},"wp-worthy-type":"normal","_links":{"self":[{"href":"https:\/\/www.czirpczirp.cc\/index.php?rest_route=\/wp\/v2\/pages\/4945","targetHints":{"allow":["GET"]}}],"collection":[{"href":"https:\/\/www.czirpczirp.cc\/index.php?rest_route=\/wp\/v2\/pages"}],"about":[{"href":"https:\/\/www.czirpczirp.cc\/index.php?rest_route=\/wp\/v2\/types\/page"}],"author":[{"embeddable":true,"href":"https:\/\/www.czirpczirp.cc\/index.php?rest_route=\/wp\/v2\/users\/1"}],"replies":[{"embeddable":true,"href":"https:\/\/www.czirpczirp.cc\/index.php?rest_route=%2Fwp%2Fv2%2Fcomments&post=4945"}],"version-history":[{"count":0,"href":"https:\/\/www.czirpczirp.cc\/index.php?rest_route=\/wp\/v2\/pages\/4945\/revisions"}],"wp:featuredmedia":[{"embeddable":true,"href":"https:\/\/www.czirpczirp.cc\/index.php?rest_route=\/wp\/v2\/media\/5420"}],"wp:attachment":[{"href":"https:\/\/www.czirpczirp.cc\/index.php?rest_route=%2Fwp%2Fv2%2Fmedia&parent=4945"}],"curies":[{"name":"wp","href":"https:\/\/api.w.org\/{rel}","templated":true}]}}