{"id":4947,"date":"2024-05-16T21:46:09","date_gmt":"2024-05-16T19:46:09","guid":{"rendered":"https:\/\/www.czirpczirp.cc\/?page_id=4947"},"modified":"2024-09-07T13:45:44","modified_gmt":"2024-09-07T11:45:44","slug":"terrestrial-transmitter","status":"publish","type":"page","link":"https:\/\/www.czirpczirp.cc\/?page_id=4947","title":{"rendered":"TERRESTRIAL TRANSMITTER"},"content":{"rendered":"\n<figure class=\"wp-block-image size-full\"><a href=\"https:\/\/www.czirpczirp.cc\/wp-content\/uploads\/2024\/05\/Interspecifics_web.jpg\" rel=\"lightbox[4947]\"><img loading=\"lazy\" decoding=\"async\" width=\"800\" height=\"533\" src=\"https:\/\/www.czirpczirp.cc\/wp-content\/uploads\/2024\/05\/Interspecifics_web.jpg\" alt=\"\" class=\"wp-image-5013\" srcset=\"https:\/\/www.czirpczirp.cc\/wp-content\/uploads\/2024\/05\/Interspecifics_web.jpg 800w, https:\/\/www.czirpczirp.cc\/wp-content\/uploads\/2024\/05\/Interspecifics_web-300x200.jpg 300w, https:\/\/www.czirpczirp.cc\/wp-content\/uploads\/2024\/05\/Interspecifics_web-768x512.jpg 768w\" sizes=\"auto, (max-width: 800px) 100vw, 800px\" \/><\/a><figcaption class=\"wp-element-caption\">Bild: Interspecifics, 2024.<\/figcaption><\/figure>\n\n\n\n<div style=\"height:20px\" aria-hidden=\"true\" class=\"wp-block-spacer\"><\/div>\n\n\n\n<p class=\"has-text-align-right\"><em><a href=\"https:\/\/www.czirpczirp.cc\/?page_id=4822\">English<\/a><\/em><\/p>\n\n\n\n<h2 class=\"wp-block-heading\">Terrestrial Transmitter<\/h2>\n\n\n\n<p>3-teiliges Soundobjekt (akustisch und online).<br>Glas, Metall, Gummi, Sensoren, Elektronik, Geobacter-Stamm, N\u00e4hrboden.<\/p>\n\n\n\n<p>Diese Soundinstallation nutzt von Bakterien erzeugte Energie, um eine generative Klanglandschaft zu entwerfen. In Batterie-artigen Gef\u00e4\u00dfen werden <strong>Geobacter*<\/strong>-Kolonien kultiviert, die Metalle metabolisieren und in magnetisches Material umwandeln k\u00f6nnen. Damit erzeugen sie elektrische Impulse.<\/p>\n\n\n\n<p>Die bioelektrische Energie der Geobacter wird durch ein automatisiertes Kodierungssystem \u00fcbersetzt und in ein k\u00fcnstliches neuronales Netzwerk gespeist. Die KI wiederum, die mit menschlichen Soundscapes trainiert wurde, die Interspecifics \u00fcber viele Jahre gesammelt hat, verarbeitet und verkn\u00fcpft die Muster. Der generative Klangstrom wird durch die Aktivit\u00e4ten der Geobacter-Kolonien stimuliert und moduliert. Wir h\u00f6ren das Rauschen menschlicher Zivilisation in Resonanz mit dem Lebensrhythmus dieser Kleinstorganismen.<\/p>\n\n\n\n<div style=\"height:50px\" aria-hidden=\"true\" class=\"wp-block-spacer\"><\/div>\n\n\n\n<figure class=\"wp-block-image size-full\"><a href=\"https:\/\/www.czirpczirp.cc\/wp-content\/uploads\/2024\/05\/Interspecifics_Data-Adquisition-Processing-Output_web-1.png\" rel=\"lightbox[4947]\"><img loading=\"lazy\" decoding=\"async\" width=\"800\" height=\"757\" src=\"https:\/\/www.czirpczirp.cc\/wp-content\/uploads\/2024\/05\/Interspecifics_Data-Adquisition-Processing-Output_web-1.png\" alt=\"\" class=\"wp-image-5005\" srcset=\"https:\/\/www.czirpczirp.cc\/wp-content\/uploads\/2024\/05\/Interspecifics_Data-Adquisition-Processing-Output_web-1.png 800w, https:\/\/www.czirpczirp.cc\/wp-content\/uploads\/2024\/05\/Interspecifics_Data-Adquisition-Processing-Output_web-1-300x284.png 300w, https:\/\/www.czirpczirp.cc\/wp-content\/uploads\/2024\/05\/Interspecifics_Data-Adquisition-Processing-Output_web-1-768x727.png 768w\" sizes=\"auto, (max-width: 800px) 100vw, 800px\" \/><\/a><\/figure>\n\n\n\n<div style=\"height:50px\" aria-hidden=\"true\" class=\"wp-block-spacer\"><\/div>\n\n\n\n<h2 class=\"wp-block-heading\">STATEMENT DES KOLLEKTIVS<\/h2>\n\n\n\n<div style=\"height:20px\" aria-hidden=\"true\" class=\"wp-block-spacer\"><\/div>\n\n\n\n<p>\u201eDie <em>Terrestrial Transmitter<\/em> sind Klangobjekte, die von Bakterienzellen erzeugte Energie nutzt, um generative Klanglandschaften zu schaffen. Die Zellkollektive enthalten ein Konsortium von Bakterien, die im Boden vorkommen, haupts\u00e4chlich aber <strong>Geobacter*<\/strong>. Wenn diese Bakterienart unter Sauerstoffmangel leidet, macht sie eine Transformation durch, die es ihr erm\u00f6glicht, Metalle und andere Arten von Verunreinigungen im Boden zu metabolisieren.<\/p>\n\n\n\n<p>In diesem St\u00fcck wird die erzeugte Energie durch ein Real-Time-Variations-Auto-Codierer-System verarbeitet, ein neuronales Netzwerk zur Klangerzeugung, das mit verschiedenen Klangdatenbanken trainiert wurde, die das Kollektiv \u00fcber mehrere Jahre hinweg zusammengestellt hat. Drei Objekte \u00fcbertragen die generative Komposition \u00fcber die integrierten Lautsprecher. Gleichzeitig wird das St\u00fcck \u00fcber ein Internet-Radiosignal live gestreamt, sodass sich Zuh\u00f6rer*innen in der ganzen Welt zuschalten k\u00f6nnen. Das Sounddesign versucht, die Idee der Klanglandschaft und ihrer Texturen nachzubilden. Die Modulation wird durch die Spannungsschwankungen der Bakterien verursacht, die, unterst\u00fctzt von einem Maschine-Learning-Counterpart, ihre eigene Interpretation einer irdischen Klanglandschaft erschaffen.\u201c (Interspecifics, 2024)<\/p>\n\n\n\n<div style=\"height:50px\" aria-hidden=\"true\" class=\"wp-block-spacer\"><\/div>\n\n\n\n<figure class=\"wp-block-image size-full\"><a href=\"https:\/\/www.czirpczirp.cc\/wp-content\/uploads\/2024\/09\/Terrestrial-Transmitter_Interspecifics_c_Lona-Gaikis-2024.jpg\" rel=\"lightbox[4947]\"><img loading=\"lazy\" decoding=\"async\" width=\"800\" height=\"600\" src=\"https:\/\/www.czirpczirp.cc\/wp-content\/uploads\/2024\/09\/Terrestrial-Transmitter_Interspecifics_c_Lona-Gaikis-2024.jpg\" alt=\"\" class=\"wp-image-5432\" srcset=\"https:\/\/www.czirpczirp.cc\/wp-content\/uploads\/2024\/09\/Terrestrial-Transmitter_Interspecifics_c_Lona-Gaikis-2024.jpg 800w, https:\/\/www.czirpczirp.cc\/wp-content\/uploads\/2024\/09\/Terrestrial-Transmitter_Interspecifics_c_Lona-Gaikis-2024-300x225.jpg 300w, https:\/\/www.czirpczirp.cc\/wp-content\/uploads\/2024\/09\/Terrestrial-Transmitter_Interspecifics_c_Lona-Gaikis-2024-768x576.jpg 768w\" sizes=\"auto, (max-width: 800px) 100vw, 800px\" \/><\/a><figcaption class=\"wp-element-caption\">Bild: czirp czirp, 2024.<\/figcaption><\/figure>\n\n\n\n<div style=\"height:20px\" aria-hidden=\"true\" class=\"wp-block-spacer\"><\/div>\n\n\n\n<h2 class=\"wp-block-heading\">INTERSPECIFICS<\/h2>\n\n\n\n<p>Das nomadische Multispezies-Kollektiv Interspecifics aus Mexiko-Stadt arbeitet an der Schnittstelle von Kunst und Wissenschaft und setzt auf hybride Praktiken mit lebenden Organismen. Barrierefreiheit und Open Source sowie eine DIY-Mentalit\u00e4t sind wesentlicher Bestandteil ihrer Methodik. Interspecifics zeigen, wie Klang und T\u00f6ne dazu genutzt werden k\u00f6nnen, um das symbiotische Zusammenwirken von Bakterien mit Pflanzen, Pilzen und nicht zuletzt dem Menschen darzustellen.<\/p>\n\n\n\n<div style=\"height:100px\" aria-hidden=\"true\" class=\"wp-block-spacer\"><\/div>\n\n\n\n<p><strong>* Geobacter<\/strong> (lat. G. metallireducens): Weitverbreitetes unterirdisches Bakterium. Sie kommen ohne Sauerstoff aus (anaerob). Sie helfen dabei, giftige Verbindungen aufzul\u00f6sen und in deren chemische Bestandteile zu sortieren. Metallische Verbindungen wandeln sie in magnetische Elektronenakzeptoren, die Strom leiten. Das macht sie sowohl f\u00fcr die Wissenschaft als auch die \u00d6kologie interessant.<\/p>\n","protected":false},"excerpt":{"rendered":"<p>English Terrestrial Transmitter 3-teiliges Soundobjekt (akustisch und online).Glas, Metall, Gummi, Sensoren, Elektronik, Geobacter-Stamm, N\u00e4hrboden. Diese Soundinstallation nutzt von Bakterien erzeugte Energie, um eine generative Klanglandschaft zu entwerfen. In Batterie-artigen Gef\u00e4\u00dfen werden Geobacter*-Kolonien kultiviert, die Metalle metabolisieren und in magnetisches Material umwandeln k\u00f6nnen. Damit erzeugen sie elektrische Impulse. Die bioelektrische Energie der Geobacter wird durch ein [&hellip;]<\/p>\n","protected":false},"author":1,"featured_media":5432,"parent":0,"menu_order":0,"comment_status":"closed","ping_status":"closed","template":"","meta":{"_seopress_robots_primary_cat":"","_seopress_titles_title":"Terrestrial Transmitter, Interspecifics, Leslie Garcia, Bridging Species","_seopress_titles_desc":"Interspecifics zeigen, wie Klang und T\u00f6ne dazu genutzt werden k\u00f6nnen, um das symbiotische Zusammenwirken von Bakterien mit Pflanzen, Pilzen und nicht zuletzt dem Menschen darzustellen.","_seopress_robots_index":"","footnotes":""},"class_list":["post-4947","page","type-page","status-publish","has-post-thumbnail","hentry"],"wp-worthy-pixel":{"ignored":false,"public":"efa563e6437f4f50b85c418cd10de0d3","server":"vg05.met.vgwort.de","url":"https:\/\/vg05.met.vgwort.de\/na\/efa563e6437f4f50b85c418cd10de0d3"},"wp-worthy-type":"normal","_links":{"self":[{"href":"https:\/\/www.czirpczirp.cc\/index.php?rest_route=\/wp\/v2\/pages\/4947","targetHints":{"allow":["GET"]}}],"collection":[{"href":"https:\/\/www.czirpczirp.cc\/index.php?rest_route=\/wp\/v2\/pages"}],"about":[{"href":"https:\/\/www.czirpczirp.cc\/index.php?rest_route=\/wp\/v2\/types\/page"}],"author":[{"embeddable":true,"href":"https:\/\/www.czirpczirp.cc\/index.php?rest_route=\/wp\/v2\/users\/1"}],"replies":[{"embeddable":true,"href":"https:\/\/www.czirpczirp.cc\/index.php?rest_route=%2Fwp%2Fv2%2Fcomments&post=4947"}],"version-history":[{"count":0,"href":"https:\/\/www.czirpczirp.cc\/index.php?rest_route=\/wp\/v2\/pages\/4947\/revisions"}],"wp:featuredmedia":[{"embeddable":true,"href":"https:\/\/www.czirpczirp.cc\/index.php?rest_route=\/wp\/v2\/media\/5432"}],"wp:attachment":[{"href":"https:\/\/www.czirpczirp.cc\/index.php?rest_route=%2Fwp%2Fv2%2Fmedia&parent=4947"}],"curies":[{"name":"wp","href":"https:\/\/api.w.org\/{rel}","templated":true}]}}